{"id":3843,"date":"2025-09-24T11:19:05","date_gmt":"2025-09-24T11:19:05","guid":{"rendered":"https:\/\/www.protekhijyen.com.tr\/cart\/"},"modified":"2025-09-24T11:19:10","modified_gmt":"2025-09-24T11:19:10","slug":"cart","status":"publish","type":"page","link":"https:\/\/www.protekhijyen.com.tr\/en\/cart\/","title":{"rendered":"Cart"},"content":{"rendered":"\n<div data-block-name=\"woocommerce\/cart\" class=\"wp-block-woocommerce-cart alignwide is-loading\">\n<div data-block-name=\"woocommerce\/filled-cart-block\" class=\"wp-block-woocommerce-filled-cart-block\">\n<div data-block-name=\"woocommerce\/cart-items-block\" class=\"wp-block-woocommerce-cart-items-block\">\n<div data-block-name=\"woocommerce\/cart-line-items-block\" class=\"wp-block-woocommerce-cart-line-items-block\"><\/div>\n\n\n<\/div>\n\n\n\n\n<div data-block-name=\"woocommerce\/cart-totals-block\" class=\"wp-block-woocommerce-cart-totals-block\">\n<div data-block-name=\"woocommerce\/cart-order-summary-block\" class=\"wp-block-woocommerce-cart-order-summary-block\">\n<div data-block-name=\"woocommerce\/cart-order-summary-heading-block\" class=\"wp-block-woocommerce-cart-order-summary-heading-block\"><\/div><div data-block-name=\"woocommerce\/cart-order-summary-coupon-form-block\" class=\"wp-block-woocommerce-cart-order-summary-coupon-form-block\"><\/div><div data-block-name=\"woocommerce\/cart-order-summary-totals-block\" class=\"wp-block-woocommerce-cart-order-summary-totals-block\">\n<div data-block-name=\"woocommerce\/cart-order-summary-subtotal-block\" class=\"wp-block-woocommerce-cart-order-summary-subtotal-block\"><\/div>\n<div data-block-name=\"woocommerce\/cart-order-summary-discount-block\" class=\"wp-block-woocommerce-cart-order-summary-discount-block\"><\/div>\n<div data-block-name=\"woocommerce\/cart-order-summary-fee-block\" class=\"wp-block-woocommerce-cart-order-summary-fee-block\"><\/div>\n<div data-block-name=\"woocommerce\/cart-order-summary-shipping-block\" class=\"wp-block-woocommerce-cart-order-summary-shipping-block\"><\/div>\n<div data-block-name=\"woocommerce\/cart-order-summary-taxes-block\" class=\"wp-block-woocommerce-cart-order-summary-taxes-block\"><\/div><\/div>\n<\/div>\n\n\n\n<div data-block-name=\"woocommerce\/cart-express-payment-block\" class=\"wp-block-woocommerce-cart-express-payment-block\"><\/div>\n\n\n\n<div data-block-name=\"woocommerce\/proceed-to-checkout-block\" class=\"wp-block-woocommerce-proceed-to-checkout-block\"><\/div>\n\n\n\n<div data-block-name=\"woocommerce\/cart-accepted-payment-methods-block\" class=\"wp-block-woocommerce-cart-accepted-payment-methods-block\"><\/div>\n<\/div>\n<\/div>\n\n\n\n<div data-block-name=\"woocommerce\/empty-cart-block\" class=\"wp-block-woocommerce-empty-cart-block\">\n<h2 class=\"wp-block-heading has-text-align-center with-empty-cart-icon wc-block-cart__empty-cart__title\">Your cart is currently empty!<\/h2>\n\n\n\n<hr class=\"wp-block-separator has-alpha-channel-opacity is-style-dots\"\/>\n\n\n\n<h2 class=\"wp-block-heading has-text-align-center\">New in store<\/h2>\n\n\n<div data-block-name=\"woocommerce\/product-new\" data-columns=\"4\" data-rows=\"1\" class=\"wc-block-grid wp-block-product-new wp-block-woocommerce-product-new wc-block-product-new has-4-columns\"><ul class=\"wc-block-grid__products\"><li class=\"wc-block-grid__product\">\n\t\t\t\t<a href=\"https:\/\/www.protekhijyen.com.tr\/product\/goz-ve-vucut-dusu-el-kumandali-yere-monte\/\" class=\"wc-block-grid__product-link\">\n\t\t\t\t\t\n\t\t\t\t\t<div class=\"wc-block-grid__product-image\"><img decoding=\"async\" width=\"300\" height=\"300\" src=\"https:\/\/www.protekhijyen.com.tr\/wp-content\/uploads\/2023\/12\/PH-6107-Goz-ve-Vucut-Dusu-El-Kumandali-Yere-Monte--300x300.jpg\" class=\"attachment-woocommerce_thumbnail size-woocommerce_thumbnail\" alt=\"G\u00d6Z &amp; V\u00dcCUT DU\u015eU EL KUMANDALI YERE MONTE\" srcset=\"https:\/\/www.protekhijyen.com.tr\/wp-content\/uploads\/2023\/12\/PH-6107-Goz-ve-Vucut-Dusu-El-Kumandali-Yere-Monte--300x300.jpg 300w, https:\/\/www.protekhijyen.com.tr\/wp-content\/uploads\/2023\/12\/PH-6107-Goz-ve-Vucut-Dusu-El-Kumandali-Yere-Monte--100x100.jpg 100w, https:\/\/www.protekhijyen.com.tr\/wp-content\/uploads\/2023\/12\/PH-6107-Goz-ve-Vucut-Dusu-El-Kumandali-Yere-Monte--150x150.jpg 150w\" sizes=\"(max-width: 300px) 100vw, 300px\" \/><\/div>\n\t\t\t\t\t<div class=\"wc-block-grid__product-title\">G\u00d6Z VE V\u00dcCUT DU\u015eU EL KUMANDALI YERE MONTE<\/div>\n\t\t\t\t<\/a>\n\t\t\t\t<div class=\"wc-block-grid__product-price price\"><span class=\"woocommerce-Price-amount amount\"><span class=\"woocommerce-Price-currencySymbol\">&#8378;<\/span>1,00<\/span><\/div>\n\t\t\t\t\n\t\t\t\t<div class=\"wp-block-button wc-block-grid__product-add-to-cart\"><a href=\"\/en\/wp-json\/wp\/v2\/pages\/3843?add-to-cart=3257\" aria-label=\"Add to cart: &ldquo;G\u00d6Z VE V\u00dcCUT DU\u015eU EL KUMANDALI YERE MONTE&rdquo;\" data-quantity=\"1\" data-product_id=\"3257\" data-product_sku=\"\" data-price=\"1\" rel=\"nofollow\" class=\"wp-block-button__link  add_to_cart_button ajax_add_to_cart\">Add to cart<\/a><\/div>\n\t\t\t<\/li><li class=\"wc-block-grid__product\">\n\t\t\t\t<a href=\"https:\/\/www.protekhijyen.com.tr\/product\/goz-ve-vucut-dusu-el-kumandali-duvara-monte\/\" class=\"wc-block-grid__product-link\">\n\t\t\t\t\t\n\t\t\t\t\t<div class=\"wc-block-grid__product-image\"><img decoding=\"async\" width=\"300\" height=\"300\" src=\"https:\/\/www.protekhijyen.com.tr\/wp-content\/uploads\/2023\/12\/PH-6105-Goz-ve-Vucut-Dusu-El-umandali-Duvara-Monte-300x300.jpg\" class=\"attachment-woocommerce_thumbnail size-woocommerce_thumbnail\" alt=\"G\u00d6Z &amp; V\u00dcCUT DU\u015eU EL KUMANDALI DUVARA MONTE\" srcset=\"https:\/\/www.protekhijyen.com.tr\/wp-content\/uploads\/2023\/12\/PH-6105-Goz-ve-Vucut-Dusu-El-umandali-Duvara-Monte-300x300.jpg 300w, https:\/\/www.protekhijyen.com.tr\/wp-content\/uploads\/2023\/12\/PH-6105-Goz-ve-Vucut-Dusu-El-umandali-Duvara-Monte-100x100.jpg 100w, https:\/\/www.protekhijyen.com.tr\/wp-content\/uploads\/2023\/12\/PH-6105-Goz-ve-Vucut-Dusu-El-umandali-Duvara-Monte-150x150.jpg 150w\" sizes=\"(max-width: 300px) 100vw, 300px\" \/><\/div>\n\t\t\t\t\t<div class=\"wc-block-grid__product-title\">G\u00d6Z VE V\u00dcCUT DU\u015eU EL KUMANDALI DUVARA MONTE<\/div>\n\t\t\t\t<\/a>\n\t\t\t\t<div class=\"wc-block-grid__product-price price\"><span class=\"woocommerce-Price-amount amount\"><span class=\"woocommerce-Price-currencySymbol\">&#8378;<\/span>1,00<\/span><\/div>\n\t\t\t\t\n\t\t\t\t<div class=\"wp-block-button wc-block-grid__product-add-to-cart\"><a href=\"\/en\/wp-json\/wp\/v2\/pages\/3843?add-to-cart=3255\" aria-label=\"Add to cart: &ldquo;G\u00d6Z VE V\u00dcCUT DU\u015eU EL KUMANDALI DUVARA MONTE&rdquo;\" data-quantity=\"1\" data-product_id=\"3255\" data-product_sku=\"\" data-price=\"1\" rel=\"nofollow\" class=\"wp-block-button__link  add_to_cart_button ajax_add_to_cart\">Add to cart<\/a><\/div>\n\t\t\t<\/li><li class=\"wc-block-grid__product\">\n\t\t\t\t<a href=\"https:\/\/www.protekhijyen.com.tr\/product\/goz-dusu-el-kumandali-yere-monte\/\" class=\"wc-block-grid__product-link\">\n\t\t\t\t\t\n\t\t\t\t\t<div class=\"wc-block-grid__product-image\"><img decoding=\"async\" width=\"300\" height=\"300\" src=\"https:\/\/www.protekhijyen.com.tr\/wp-content\/uploads\/2023\/12\/PH-6103-Goz-Dusu-El-Kumandali-Yere-Monte-300x300.jpg\" class=\"attachment-woocommerce_thumbnail size-woocommerce_thumbnail\" alt=\"G\u00d6Z DU\u015eU EL KUMANDALI YERE MONTE\" srcset=\"https:\/\/www.protekhijyen.com.tr\/wp-content\/uploads\/2023\/12\/PH-6103-Goz-Dusu-El-Kumandali-Yere-Monte-300x300.jpg 300w, https:\/\/www.protekhijyen.com.tr\/wp-content\/uploads\/2023\/12\/PH-6103-Goz-Dusu-El-Kumandali-Yere-Monte-100x100.jpg 100w, https:\/\/www.protekhijyen.com.tr\/wp-content\/uploads\/2023\/12\/PH-6103-Goz-Dusu-El-Kumandali-Yere-Monte-150x150.jpg 150w\" sizes=\"(max-width: 300px) 100vw, 300px\" \/><\/div>\n\t\t\t\t\t<div class=\"wc-block-grid__product-title\">G\u00d6Z DU\u015eU EL KUMANDALI YERE MONTE<\/div>\n\t\t\t\t<\/a>\n\t\t\t\t<div class=\"wc-block-grid__product-price price\"><span class=\"woocommerce-Price-amount amount\"><span class=\"woocommerce-Price-currencySymbol\">&#8378;<\/span>1,00<\/span><\/div>\n\t\t\t\t\n\t\t\t\t<div class=\"wp-block-button wc-block-grid__product-add-to-cart\"><a href=\"\/en\/wp-json\/wp\/v2\/pages\/3843?add-to-cart=3253\" aria-label=\"Add to cart: &ldquo;G\u00d6Z DU\u015eU EL KUMANDALI YERE MONTE&rdquo;\" data-quantity=\"1\" data-product_id=\"3253\" data-product_sku=\"\" data-price=\"1\" rel=\"nofollow\" class=\"wp-block-button__link  add_to_cart_button ajax_add_to_cart\">Add to cart<\/a><\/div>\n\t\t\t<\/li><li class=\"wc-block-grid__product\">\n\t\t\t\t<a href=\"https:\/\/www.protekhijyen.com.tr\/product\/goz-dusu-el-kumandali-masa-tipi\/\" class=\"wc-block-grid__product-link\">\n\t\t\t\t\t\n\t\t\t\t\t<div class=\"wc-block-grid__product-image\"><img decoding=\"async\" width=\"300\" height=\"300\" src=\"https:\/\/www.protekhijyen.com.tr\/wp-content\/uploads\/2023\/12\/PH-6101-GOZ-DUSU-EL-KUMANDALI-MASA-TIPI-300x300.jpg\" class=\"attachment-woocommerce_thumbnail size-woocommerce_thumbnail\" alt=\"G\u00d6Z DU\u015eU EL KUMANDALI MASA T\u0130P\u0130\" srcset=\"https:\/\/www.protekhijyen.com.tr\/wp-content\/uploads\/2023\/12\/PH-6101-GOZ-DUSU-EL-KUMANDALI-MASA-TIPI-300x300.jpg 300w, https:\/\/www.protekhijyen.com.tr\/wp-content\/uploads\/2023\/12\/PH-6101-GOZ-DUSU-EL-KUMANDALI-MASA-TIPI-100x100.jpg 100w, https:\/\/www.protekhijyen.com.tr\/wp-content\/uploads\/2023\/12\/PH-6101-GOZ-DUSU-EL-KUMANDALI-MASA-TIPI-150x150.jpg 150w\" sizes=\"(max-width: 300px) 100vw, 300px\" \/><\/div>\n\t\t\t\t\t<div class=\"wc-block-grid__product-title\">G\u00d6Z DU\u015eU EL KUMANDALI MASA T\u0130P\u0130<\/div>\n\t\t\t\t<\/a>\n\t\t\t\t<div class=\"wc-block-grid__product-price price\"><span class=\"woocommerce-Price-amount amount\"><span class=\"woocommerce-Price-currencySymbol\">&#8378;<\/span>1,00<\/span><\/div>\n\t\t\t\t\n\t\t\t\t<div class=\"wp-block-button wc-block-grid__product-add-to-cart\"><a href=\"\/en\/wp-json\/wp\/v2\/pages\/3843?add-to-cart=3252\" aria-label=\"Add to cart: &ldquo;G\u00d6Z DU\u015eU EL KUMANDALI MASA T\u0130P\u0130&rdquo;\" data-quantity=\"1\" data-product_id=\"3252\" data-product_sku=\"\" data-price=\"1\" rel=\"nofollow\" class=\"wp-block-button__link  add_to_cart_button ajax_add_to_cart\">Add to cart<\/a><\/div>\n\t\t\t<\/li><\/ul><\/div><\/div>\n<\/div>\n","protected":false},"excerpt":{"rendered":"You may be interested in&hellip; Your cart is currently empty! New in store","protected":false},"author":3,"featured_media":0,"parent":0,"menu_order":0,"comment_status":"closed","ping_status":"closed","template":"","meta":{"footnotes":""},"class_list":["post-3843","page","type-page","status-publish","hentry"],"_links":{"self":[{"href":"https:\/\/www.protekhijyen.com.tr\/en\/wp-json\/wp\/v2\/pages\/3843","targetHints":{"allow":["GET"]}}],"collection":[{"href":"https:\/\/www.protekhijyen.com.tr\/en\/wp-json\/wp\/v2\/pages"}],"about":[{"href":"https:\/\/www.protekhijyen.com.tr\/en\/wp-json\/wp\/v2\/types\/page"}],"author":[{"embeddable":true,"href":"https:\/\/www.protekhijyen.com.tr\/en\/wp-json\/wp\/v2\/users\/3"}],"replies":[{"embeddable":true,"href":"https:\/\/www.protekhijyen.com.tr\/en\/wp-json\/wp\/v2\/comments?post=3843"}],"version-history":[{"count":0,"href":"https:\/\/www.protekhijyen.com.tr\/en\/wp-json\/wp\/v2\/pages\/3843\/revisions"}],"wp:attachment":[{"href":"https:\/\/www.protekhijyen.com.tr\/en\/wp-json\/wp\/v2\/media?parent=3843"}],"curies":[{"name":"wp","href":"https:\/\/api.w.org\/{rel}","templated":true}]}}